{"id":1627,"date":"2024-06-24T17:18:27","date_gmt":"2024-06-24T15:18:27","guid":{"rendered":"https:\/\/sms-marine.fr\/?page_id=1627"},"modified":"2024-07-12T15:57:58","modified_gmt":"2024-07-12T13:57:58","slug":"in","status":"publish","type":"page","link":"https:\/\/sms-marine.fr\/index.php\/in\/","title":{"rendered":"Mentions l\u00e9gales"},"content":{"rendered":"\t\t<div data-elementor-type=\"wp-page\" data-elementor-id=\"1627\" class=\"elementor elementor-1627\">\n\t\t\t\t<div class=\"elementor-element elementor-element-2ebd340 e-flex e-con-boxed e-con e-parent\" data-id=\"2ebd340\" data-element_type=\"container\" data-e-type=\"container\">\n\t\t\t\t\t<div class=\"e-con-inner\">\n\t\t\t\t<div class=\"elementor-element elementor-element-15b6b99 elementor-widget elementor-widget-text-editor\" data-id=\"15b6b99\" data-element_type=\"widget\" data-e-type=\"widget\" data-widget_type=\"text-editor.default\">\n\t\t\t\t<div class=\"elementor-widget-container\">\n\t\t\t\t\t\t\t\t\t<div><h1><span data-ui-id=\"page-title-wrapper\">INFORMATIONS L\u00c9GALES<\/span><\/h1><\/div><div><div data-bind=\"scope: 'messages'\"><span style=\"color: #14365b;\"><b>Soci\u00e9t\u00e9 propri\u00e9taire du Site<\/b><\/span><\/div><\/div><div><div><p>SARL SF INVESTISSEMENT<\/p><p>Capital social: 10 000 \u20ac\u00a0<span style=\"font-size: 14px; color: var( --e-global-color-cba835e ); text-align: var(--text-align);\">\u00a0<\/span><\/p><p>815 053 434 R.C.S. Tarascon (13)<\/p><p>Adresse : Presqu&rsquo;\u00cele du Mazet Port Napol\u00e9on 13230 Port-Saint-Louis-du-Rh\u00f4ne<\/p><p>Siret : 815 053 434<\/p><p>N\u00b0 de Tva Intracommunautaire : FR28 815 053 434<\/p><p>G\u00e9rant: St\u00e9phane Faudemer<\/p><p>T\u00e9l : 04 42 05 07 43<\/p><p>Mail : sandrine.faudemer@sms-marine.fr<\/p><p><span style=\"color: #14365b;\"><b>R\u00e9alisation &amp; Conception<\/b><\/span><\/p><p>Le site a \u00e9t\u00e9 r\u00e9alis\u00e9 par Sandrine Faudemer chez soci\u00e9t\u00e9 Store Marine Service<\/p><p><span style=\"color: #14365b;\"><b>H\u00e9bergement<\/b><\/span><\/p><p>L&rsquo;h\u00e9bergement du site est r\u00e9alis\u00e9 par la soci\u00e9t\u00e9 OVHcloud. Coordonn\u00e9es de l&rsquo;h\u00e9bergeur: Si\u00e8ge social:\u00a0OVHcloud 2 Rue Kellermann, 59100 Roubaix, France. T\u00e9l\u00e9phone:\u00a0+33 9 72 10 10 07 (Service Client) et leur site web:\u00a0<a href=\"https:\/\/www.ovhcloud.com\/fr\/\" target=\"_blank\" rel=\"noopener\">www.ovhcloud.com\u00a0<\/a>\u00a0\u00a0\u00a0<\/p><p><span style=\"color: #14365b;\"><b>Droits d&rsquo;auteurs<\/b><\/span><\/p><p>En application du Code fran\u00e7ais de la Propri\u00e9t\u00e9 Intellectuelle et, plus g\u00e9n\u00e9ralement, des trait\u00e9s et accords internationaux comportant des dispositions relatives \u00e0 la protection des droits d&rsquo;auteurs, vous vous interdirez de reproduire pour un usage autre que priv\u00e9 mais aussi de vendre, distribuer, \u00e9mettre, diffuser, adapter, modifier, publier, communiquer int\u00e9gralement ou partiellement, sous quelque forme que ce soit, les donn\u00e9es, la pr\u00e9sentation ou l&rsquo;organisation du site sans notre autorisation \u00e9crite pr\u00e9alable.<\/p><p>Dans notre cas, nous utilisons des images, illustrations photographiques issues des sources suivantes:\u00a0<span style=\"font-size: 14px; color: var( --e-global-color-cba835e ); text-align: var(--text-align);\">Istock\/Pixabay\/Pinterest\/site de la capitainerie de Port Napol\u00e9on<\/span><\/p><p><span style=\"color: #14365b;\"><b>L\u00e9gislation fran\u00e7aise relative au droit d&rsquo;acc\u00e8s au fichier informatis\u00e9<\/b><\/span><\/p><p>Conform\u00e9ment \u00e0 la loi fran\u00e7aise N\u00b7 78-17 du 6 janvier 1978 relative \u00e0 l&rsquo;informatique, aux fichiers et aux libert\u00e9s (CNIL),\u00a0la finalit\u00e9 poursuivie par le traitement auquel les donn\u00e9es sont destin\u00e9es, les cons\u00e9quences \u00e9ventuelles d\u2019un d\u00e9faut de r\u00e9ponse, les destinataires des donn\u00e9es ; tout utilisateur ayant d\u00e9pos\u00e9 sur ce site des informations directement ou indirectement nominatives, peut demander la communication des informations nominatives le concernant en s&rsquo;adressant \u00e0 nous et les faire rectifier le cas \u00e9ch\u00e9ant.<\/p><p><span style=\"color: #14365b;\"><b style=\"font-size: 14px; text-align: var(--text-align);\">Traitement des donn\u00e9es personnelles<\/b><\/span><\/p><p>Vos donn\u00e9es personnelles sont recueillies par la soci\u00e9t\u00e9 Store Marine Service lors de l&rsquo;envoie d&rsquo;un formulaire de contact. Les informations identifi\u00e9es par un ast\u00e9risque sont obligatoires. Les informations recueillies sont n\u00e9cessaires pour r\u00e9pondre aux besoins du client. Ces donn\u00e9es ne seront pas transf\u00e9r\u00e9es vers un Etat non membre de l\u2019Union Europ\u00e9enne et plus g\u00e9n\u00e9ralement ne seront pas communiqu\u00e9es, gratuitement ou avec contrepartie, \u00e0 un tiers. Conform\u00e9ment \u00e0 la loi Informatique et Libert\u00e9s, vous disposez d\u2019un droit d\u2019acc\u00e8s, de rectification et, sous r\u00e9serves des dispositions l\u00e9gales applicables \u00e0 la mati\u00e8re, de suppression des donn\u00e9es vous concernant, aupr\u00e8s de la soci\u00e9t\u00e9 Store Marine Service, \u00e0 l\u2019adresse e-mail sandrine.faudemer@sms-marine.fr.<\/p><p><span style=\"color: #14365b;\"><b style=\"font-size: 14px; text-align: var(--text-align);\">D\u00e9charge de responsabilit\u00e9<\/b><\/span><\/p><p>Alors que nous avons effectu\u00e9 toutes les d\u00e9marches pour nous assurer de la fiabilit\u00e9 des informations contenues sur ce site internet, Nous ne pouvons encourir aucune responsabilit\u00e9 du fait d&rsquo;erreurs, d&rsquo;omissions, ou pour les r\u00e9sultats qui pourraient \u00eatre obtenus par l&rsquo;usage de ces informations.<br \/>Nous ne pouvons \u00eatre tenu que d&rsquo;une obligation de moyens concernant les informations qu&rsquo;il met \u00e0 disposition des personnes qui acc\u00e8dent \u00e0 son site internet.<\/p><p><strong><span style=\"color: #14365b;\">Acc\u00e8s au site Internet<\/span><\/strong><\/p><p>L&rsquo;acc\u00e8s au Site est possible 24 heures sur 24, 7 jours sur 7, sauf en cas de force majeure ou d&rsquo;un \u00e9v\u00e9nement hors du contr\u00f4le de notre contr\u00f4le et sous r\u00e9serve des \u00e9ventuelles pannes et interventions de maintenance n\u00e9cessaires au bon fonctionnement du Site et des mat\u00e9riels aff\u00e9rents.<br \/>L&rsquo;acc\u00e8s au service se fait \u00e0 partir d&rsquo;un micro-ordinateur connect\u00e9 \u00e0 un r\u00e9seau de t\u00e9l\u00e9communication permettant l&rsquo;acc\u00e8s au Site selon les protocoles de communication utilis\u00e9s sur le r\u00e9seau interne.<\/p><\/div><\/div>\t\t\t\t\t\t\t\t<\/div>\n\t\t\t\t<\/div>\n\t\t\t\t\t<\/div>\n\t\t\t\t<\/div>\n\t\t\t\t<\/div>\n\t\t","protected":false},"excerpt":{"rendered":"<p>INFORMATIONS L\u00c9GALES Soci\u00e9t\u00e9 propri\u00e9taire du Site SARL SF INVESTISSEMENT Capital social: 10 000 \u20ac\u00a0\u00a0 815 053 434 R.C.S. Tarascon (13) Adresse : Presqu&rsquo;\u00cele du Mazet Port Napol\u00e9on 13230 Port-Saint-Louis-du-Rh\u00f4ne Siret : 815 053 434 N\u00b0 de Tva Intracommunautaire : FR28 815 053 434 G\u00e9rant: St\u00e9phane Faudemer T\u00e9l : 04 42 05 07 43 Mail : [&hellip;]<\/p>\n","protected":false},"author":2,"featured_media":0,"parent":0,"menu_order":0,"comment_status":"closed","ping_status":"closed","template":"","meta":{"ocean_post_layout":"","ocean_both_sidebars_style":"","ocean_both_sidebars_content_width":0,"ocean_both_sidebars_sidebars_width":0,"ocean_sidebar":"","ocean_second_sidebar":"","ocean_disable_margins":"enable","ocean_add_body_class":"","ocean_shortcode_before_top_bar":"","ocean_shortcode_after_top_bar":"","ocean_shortcode_before_header":"","ocean_shortcode_after_header":"","ocean_has_shortcode":"","ocean_shortcode_after_title":"","ocean_shortcode_before_footer_widgets":"","ocean_shortcode_after_footer_widgets":"","ocean_shortcode_before_footer_bottom":"","ocean_shortcode_after_footer_bottom":"","ocean_display_top_bar":"default","ocean_display_header":"default","ocean_header_style":"","ocean_center_header_left_menu":"","ocean_custom_header_template":"","ocean_custom_logo":0,"ocean_custom_retina_logo":0,"ocean_custom_logo_max_width":0,"ocean_custom_logo_tablet_max_width":0,"ocean_custom_logo_mobile_max_width":0,"ocean_custom_logo_max_height":0,"ocean_custom_logo_tablet_max_height":0,"ocean_custom_logo_mobile_max_height":0,"ocean_header_custom_menu":"","ocean_menu_typo_font_family":"","ocean_menu_typo_font_subset":"","ocean_menu_typo_font_size":0,"ocean_menu_typo_font_size_tablet":0,"ocean_menu_typo_font_size_mobile":0,"ocean_menu_typo_font_size_unit":"px","ocean_menu_typo_font_weight":"","ocean_menu_typo_font_weight_tablet":"","ocean_menu_typo_font_weight_mobile":"","ocean_menu_typo_transform":"","ocean_menu_typo_transform_tablet":"","ocean_menu_typo_transform_mobile":"","ocean_menu_typo_line_height":0,"ocean_menu_typo_line_height_tablet":0,"ocean_menu_typo_line_height_mobile":0,"ocean_menu_typo_line_height_unit":"","ocean_menu_typo_spacing":0,"ocean_menu_typo_spacing_tablet":0,"ocean_menu_typo_spacing_mobile":0,"ocean_menu_typo_spacing_unit":"","ocean_menu_link_color":"","ocean_menu_link_color_hover":"","ocean_menu_link_color_active":"","ocean_menu_link_background":"","ocean_menu_link_hover_background":"","ocean_menu_link_active_background":"","ocean_menu_social_links_bg":"","ocean_menu_social_hover_links_bg":"","ocean_menu_social_links_color":"","ocean_menu_social_hover_links_color":"","ocean_disable_title":"default","ocean_disable_heading":"default","ocean_post_title":"","ocean_post_subheading":"","ocean_post_title_style":"","ocean_post_title_background_color":"","ocean_post_title_background":0,"ocean_post_title_bg_image_position":"","ocean_post_title_bg_image_attachment":"","ocean_post_title_bg_image_repeat":"","ocean_post_title_bg_image_size":"","ocean_post_title_height":0,"ocean_post_title_bg_overlay":0.5,"ocean_post_title_bg_overlay_color":"","ocean_disable_breadcrumbs":"default","ocean_breadcrumbs_color":"","ocean_breadcrumbs_separator_color":"","ocean_breadcrumbs_links_color":"","ocean_breadcrumbs_links_hover_color":"","ocean_display_footer_widgets":"default","ocean_display_footer_bottom":"default","ocean_custom_footer_template":"","footnotes":""},"class_list":["post-1627","page","type-page","status-publish","hentry","entry"],"_links":{"self":[{"href":"https:\/\/sms-marine.fr\/index.php\/wp-json\/wp\/v2\/pages\/1627","targetHints":{"allow":["GET"]}}],"collection":[{"href":"https:\/\/sms-marine.fr\/index.php\/wp-json\/wp\/v2\/pages"}],"about":[{"href":"https:\/\/sms-marine.fr\/index.php\/wp-json\/wp\/v2\/types\/page"}],"author":[{"embeddable":true,"href":"https:\/\/sms-marine.fr\/index.php\/wp-json\/wp\/v2\/users\/2"}],"replies":[{"embeddable":true,"href":"https:\/\/sms-marine.fr\/index.php\/wp-json\/wp\/v2\/comments?post=1627"}],"version-history":[{"count":38,"href":"https:\/\/sms-marine.fr\/index.php\/wp-json\/wp\/v2\/pages\/1627\/revisions"}],"predecessor-version":[{"id":2747,"href":"https:\/\/sms-marine.fr\/index.php\/wp-json\/wp\/v2\/pages\/1627\/revisions\/2747"}],"wp:attachment":[{"href":"https:\/\/sms-marine.fr\/index.php\/wp-json\/wp\/v2\/media?parent=1627"}],"curies":[{"name":"wp","href":"https:\/\/api.w.org\/{rel}","templated":true}]}}